{"id":224,"date":"2018-09-11T19:05:09","date_gmt":"2018-09-11T17:05:09","guid":{"rendered":"http:\/\/gitesgrosoneux.be\/?page_id=224"},"modified":"2022-08-23T14:14:02","modified_gmt":"2022-08-23T12:14:02","slug":"gite-complet","status":"publish","type":"page","link":"https:\/\/gitesgrosoneux.be\/?page_id=224","title":{"rendered":"Gros Oneux (14 lits + lit d\u2019appoint)"},"content":{"rendered":"<p style=\"text-align: center;\"><div id=\"metaslider-id-165\" style=\"width: 100%; margin: 0 auto;\" class=\"ml-slider-3-29-0 metaslider metaslider-nivo metaslider-165 ml-slider\">\n    <div id=\"metaslider_container_165\">\n        <div class='slider-wrapper theme-default'><div class='ribbon'><\/div><div id='metaslider_165' class='nivoSlider'><img src=\"https:\/\/gitesgrosoneux.be\/wp-content\/uploads\/2018\/07\/Facade-1200x800.png\" height=\"800\" width=\"1200\" title=\"Facade\" alt=\"\" class=\"slider-165 slide-190\" \/><img src=\"https:\/\/gitesgrosoneux.be\/wp-content\/uploads\/2018\/07\/Arriere-1200x800.png\" height=\"800\" width=\"1200\" title=\"Arriere\" alt=\"\" class=\"slider-165 slide-186\" \/><img src=\"https:\/\/gitesgrosoneux.be\/wp-content\/uploads\/2018\/07\/Premier-1200x800.png\" height=\"800\" width=\"1200\" title=\"Premier\" alt=\"\" class=\"slider-165 slide-191\" \/><img src=\"https:\/\/gitesgrosoneux.be\/wp-content\/uploads\/2018\/07\/deuxieme-1200x800.png\" height=\"800\" width=\"1200\" title=\"deuxieme\" alt=\"\" class=\"slider-165 slide-188\" \/><img src=\"https:\/\/gitesgrosoneux.be\/wp-content\/uploads\/2018\/07\/troisieme-1200x800.png\" height=\"800\" width=\"1200\" title=\"troisieme\" alt=\"\" class=\"slider-165 slide-195\" \/><img src=\"https:\/\/gitesgrosoneux.be\/wp-content\/uploads\/2018\/07\/quatrieme-1200x800.png\" height=\"800\" width=\"1200\" title=\"quatrieme\" alt=\"\" class=\"slider-165 slide-192\" \/><img src=\"https:\/\/gitesgrosoneux.be\/wp-content\/uploads\/2018\/07\/cinquieme-1200x800.png\" height=\"800\" width=\"1200\" title=\"cinquieme\" alt=\"\" class=\"slider-165 slide-187\" \/><img src=\"https:\/\/gitesgrosoneux.be\/wp-content\/uploads\/2018\/07\/septieme-1200x800.png\" height=\"800\" width=\"1200\" title=\"septieme\" alt=\"\" class=\"slider-165 slide-193\" \/><img src=\"https:\/\/gitesgrosoneux.be\/wp-content\/uploads\/2018\/07\/sixieme-1200x800.png\" height=\"800\" width=\"1200\" title=\"sixieme\" alt=\"\" class=\"slider-165 slide-194\" \/><img src=\"https:\/\/gitesgrosoneux.be\/wp-content\/uploads\/2018\/12\/1G1A0896.jpg\" height=\"800\" width=\"1200\" title=\"1G1A0896\" alt=\"\" class=\"slider-165 slide-504\" \/><img src=\"https:\/\/gitesgrosoneux.be\/wp-content\/uploads\/2018\/12\/1G1A0899.jpg\" height=\"800\" width=\"1200\" title=\"1G1A0899\" alt=\"\" class=\"slider-165 slide-505\" \/><img src=\"https:\/\/gitesgrosoneux.be\/wp-content\/uploads\/2018\/09\/unnamed-1200x800.jpg\" height=\"800\" width=\"1200\" title=\"unnamed\" alt=\"\" class=\"slider-165 slide-395\" \/><img src=\"https:\/\/gitesgrosoneux.be\/wp-content\/uploads\/2018\/09\/unnamed-1-1200x800.jpg\" height=\"800\" width=\"1200\" title=\"unnamed (1)\" alt=\"\" class=\"slider-165 slide-344\" \/><img src=\"https:\/\/gitesgrosoneux.be\/wp-content\/uploads\/2019\/12\/IMG_4319-scaled-1200x800.jpg\" height=\"800\" width=\"1200\" title=\"IMG_4319\" alt=\"\" class=\"slider-165 slide-656\" \/><\/div><\/div>\n        \n    <\/div>\n<\/div><\/p>\n<ul>\n<li><strong>Capacit\u00e9<\/strong> : 14 lits + 1 lit b\u00e9b\u00e9 \/\u00a0lit d\u2019appoint.<\/li>\n<li><label>Rez-De-Chauss\u00e9e<\/label>\n<ul>\n<li>Hall, vestiaire, WC s\u00e9par\u00e9, Salle \u00e0 manger donnant sur la terrasse, Salon (Feu Ouvert, TV), Cuisine (2&#215;4 plaques \u00e9lectriques (induction), four \u00e9lectrique, Lave Vaisselle, Micro Onde, 2 frigos, Cong\u00e9lateur), coin jeux enfants surplombant la cuisine.<\/li>\n<\/ul>\n<\/li>\n<li><label>1er \u00e9tage<\/label>\n<ul>\n<li><label>Chambres<\/label>\n<ul>\n<li>Chambre 1\u00a0: \u00ab\u00a0Nichoirs\u00a0\u00bb 2 x 1p, Salle De Bain (baignoire, lavabo, WC, table \u00e0 langer)<\/li>\n<li>Chambre 2\u00a0:\u00ab\u00a0Bouleaux\u00a0\u00bb 2 x 1p, Salle De Douche (douche, lavabo), WC s\u00e9par\u00e9<\/li>\n<li>Chambre 3\u00a0: \u00ab\u00a0Jumelles-arbres\u00a0\u00bb 3 x 1p, Salle De Douche (Douche, lavabo, WC)<\/li>\n<li>Chambre 4\u00a0:\u00ab\u00a0Jumelles \u00bb 3 x 1p, Salle De Douche (Douche, lavabo, WC)<\/li>\n<\/ul>\n<\/li>\n<\/ul>\n<\/li>\n<li><label>2\u00e8me \u00e9tage<\/label>\n<ul>\n<li><label>Salle-\u00e0-manger\/salon\/cuisine<\/label>\n<ul>\n<li>Sous la charpente laiss\u00e9e apparente\u00a0: cuisine (cuisini\u00e8re 4 plaques \u00e9lectriques, four, frigo, cong\u00e9lateur, Micro\u00a0 onde), coin \u00e0 manger, salon.<\/li>\n<\/ul>\n<\/li>\n<li><label>Chambre<\/label>\n<ul>\n<li>vaste chambre avec\u00a0 4x1p, Cacoon (tente suspendue).<\/li>\n<\/ul>\n<\/li>\n<li><label>Salle de douche<\/label>\n<ul>\n<li>douche, lavabo, WC.<\/li>\n<\/ul>\n<\/li>\n<li>Balcon\n<ul>\n<li>Table avec 2 si\u00e8ges.<\/li>\n<\/ul>\n<\/li>\n<\/ul>\n<\/li>\n<li><label>Sous-sol<\/label>\n<ul>\n<li><label>Salle de jeux<\/label>\n<ul>\n<li>\u00a03 splendides caves vout\u00e9es, l\u2019une avec Kicker g\u00e9ant 8 joueurs, la suivante avec 2 fauteuils de relaxation infrarouge, la 3\u00e8me est un sauna pour 4 personnes.<\/li>\n<\/ul>\n<\/li>\n<\/ul>\n<\/li>\n<li><label>Ext\u00e9rieur<\/label>\n<ul>\n<li style=\"list-style-type: none;\">\n<ul>\n<li>Pelouses, terrasses, Jeux ext\u00e9rieurs : tyrolienne (60m), terrain de p\u00e9tanques, panier de basket, goal de foot, balan\u00e7oires, trampoline.<\/li>\n<\/ul>\n<\/li>\n<\/ul>\n<\/li>\n<\/ul>\n<p style=\"text-align: center;\"><a class=\"maxbutton-3 maxbutton maxbutton-tarifs-complet\" href=\"http:\/\/gitesgrosoneux.be\/?page_id=276\"><span class='mb-text'>Tarifs<\/span><\/a><\/p>\n","protected":false},"excerpt":{"rendered":"<p>Capacit\u00e9 : 14 lits + 1 lit b\u00e9b\u00e9 \/\u00a0lit d\u2019appoint. Rez-De-Chauss\u00e9e Hall, vestiaire, WC s\u00e9par\u00e9, Salle \u00e0 manger donnant sur la terrasse, Salon (Feu Ouvert, TV), Cuisine (2&#215;4 plaques \u00e9lectriques (induction), four \u00e9lectrique, Lave Vaisselle, Micro Onde, 2 frigos, Cong\u00e9lateur), coin jeux enfants surplombant la cuisine. 1er \u00e9tage Chambres Chambre 1\u00a0: \u00ab\u00a0Nichoirs\u00a0\u00bb 2 x 1p, [&hellip;]<\/p>\n","protected":false},"author":1,"featured_media":0,"parent":38,"menu_order":0,"comment_status":"closed","ping_status":"closed","template":"page-fullwidth.php","meta":[],"_links":{"self":[{"href":"https:\/\/gitesgrosoneux.be\/index.php?rest_route=\/wp\/v2\/pages\/224"}],"collection":[{"href":"https:\/\/gitesgrosoneux.be\/index.php?rest_route=\/wp\/v2\/pages"}],"about":[{"href":"https:\/\/gitesgrosoneux.be\/index.php?rest_route=\/wp\/v2\/types\/page"}],"author":[{"embeddable":true,"href":"https:\/\/gitesgrosoneux.be\/index.php?rest_route=\/wp\/v2\/users\/1"}],"replies":[{"embeddable":true,"href":"https:\/\/gitesgrosoneux.be\/index.php?rest_route=%2Fwp%2Fv2%2Fcomments&post=224"}],"version-history":[{"count":24,"href":"https:\/\/gitesgrosoneux.be\/index.php?rest_route=\/wp\/v2\/pages\/224\/revisions"}],"predecessor-version":[{"id":721,"href":"https:\/\/gitesgrosoneux.be\/index.php?rest_route=\/wp\/v2\/pages\/224\/revisions\/721"}],"up":[{"embeddable":true,"href":"https:\/\/gitesgrosoneux.be\/index.php?rest_route=\/wp\/v2\/pages\/38"}],"wp:attachment":[{"href":"https:\/\/gitesgrosoneux.be\/index.php?rest_route=%2Fwp%2Fv2%2Fmedia&parent=224"}],"curies":[{"name":"wp","href":"https:\/\/api.w.org\/{rel}","templated":true}]}}