{"id":34,"date":"2018-01-12T18:12:52","date_gmt":"2018-01-12T17:12:52","guid":{"rendered":"http:\/\/gitesgrosoneux.be\/?page_id=34"},"modified":"2019-11-26T18:04:12","modified_gmt":"2019-11-26T17:04:12","slug":"accueil","status":"publish","type":"page","link":"https:\/\/gitesgrosoneux.be\/","title":{"rendered":"Accueil"},"content":{"rendered":"<div id=\"metaslider-id-138\" style=\"width: 100%; margin: 0 auto;\" class=\"ml-slider-3-29-0 metaslider metaslider-nivo metaslider-138 ml-slider\">\n    <div id=\"metaslider_container_138\">\n        <div class='slider-wrapper theme-default'><div class='ribbon'><\/div><div id='metaslider_138' class='nivoSlider'><img src=\"https:\/\/gitesgrosoneux.be\/wp-content\/uploads\/2018\/12\/CL3A1309.jpg\" height=\"800\" width=\"1200\" title=\"CL3A1309\" alt=\"\" class=\"slider-138 slide-492\" \/><img src=\"https:\/\/gitesgrosoneux.be\/wp-content\/uploads\/2018\/12\/CL3A1200.jpg\" height=\"800\" width=\"1200\" title=\"CL3A1200\" alt=\"\" class=\"slider-138 slide-493\" \/><img src=\"https:\/\/gitesgrosoneux.be\/wp-content\/uploads\/2018\/12\/1G1A0896.jpg\" height=\"800\" width=\"1200\" title=\"1G1A0896\" alt=\"\" class=\"slider-138 slide-494\" \/><img src=\"https:\/\/gitesgrosoneux.be\/wp-content\/uploads\/2018\/12\/1G1A0883.jpg\" height=\"800\" width=\"1200\" title=\"1G1A0883\" alt=\"\" class=\"slider-138 slide-495\" \/><img src=\"https:\/\/gitesgrosoneux.be\/wp-content\/uploads\/2018\/12\/1G1A0866-1195x797.jpg\" height=\"800\" width=\"1200\" title=\"1G1A0866\" alt=\"\" class=\"slider-138 slide-496\" \/><img src=\"https:\/\/gitesgrosoneux.be\/wp-content\/uploads\/2018\/12\/1G1A0993.jpg\" height=\"800\" width=\"1200\" title=\"1G1A0993\" alt=\"\" class=\"slider-138 slide-497\" \/><img src=\"https:\/\/gitesgrosoneux.be\/wp-content\/uploads\/2018\/12\/1G1A0965-1199x799.jpg\" height=\"800\" width=\"1200\" title=\"1G1A0965\" alt=\"\" class=\"slider-138 slide-498\" \/><img src=\"https:\/\/gitesgrosoneux.be\/wp-content\/uploads\/2018\/12\/1G1A1017.jpg\" height=\"800\" width=\"1200\" title=\"1G1A1017\" alt=\"\" class=\"slider-138 slide-499\" \/><img src=\"https:\/\/gitesgrosoneux.be\/wp-content\/uploads\/2019\/12\/IMG_4325-scaled-1200x800.jpg\" height=\"800\" width=\"1200\" title=\"IMG_4325\" alt=\"\" class=\"slider-138 slide-654\" \/><img src=\"https:\/\/gitesgrosoneux.be\/wp-content\/uploads\/2019\/12\/IMG_4319-scaled-1200x800.jpg\" height=\"800\" width=\"1200\" title=\"IMG_4319\" alt=\"\" class=\"slider-138 slide-652\" \/><img src=\"https:\/\/gitesgrosoneux.be\/wp-content\/uploads\/2018\/12\/1G1A0899.jpg\" height=\"800\" width=\"1200\" title=\"1G1A0899\" alt=\"\" class=\"slider-138 slide-500\" \/><img src=\"https:\/\/gitesgrosoneux.be\/wp-content\/uploads\/2018\/09\/unnamed-1200x800.jpg\" height=\"800\" width=\"1200\" title=\"unnamed\" alt=\"\" class=\"slider-138 slide-501\" \/><img src=\"https:\/\/gitesgrosoneux.be\/wp-content\/uploads\/2018\/09\/unnamed-1-1200x800.jpg\" height=\"800\" width=\"1200\" title=\"unnamed (1)\" alt=\"\" class=\"slider-138 slide-502\" \/><img src=\"https:\/\/gitesgrosoneux.be\/wp-content\/uploads\/2019\/12\/IMG_4313-scaled-1200x800.jpg\" height=\"800\" width=\"1200\" title=\"IMG_4313\" alt=\"\" class=\"slider-138 slide-655\" \/><img src=\"https:\/\/gitesgrosoneux.be\/wp-content\/uploads\/2019\/12\/f98a3fc0-d122-48b8-955f-a1ab7f18d0c0-1024x682.jpg\" height=\"800\" width=\"1200\" title=\"f98a3fc0-d122-48b8-955f-a1ab7f18d0c0\" alt=\"\" class=\"slider-138 slide-671\" \/><img src=\"https:\/\/gitesgrosoneux.be\/wp-content\/uploads\/2019\/12\/e35b07d6-4d8f-4d2d-adae-df85b78ff28d-1024x682.jpg\" height=\"800\" width=\"1200\" title=\"e35b07d6-4d8f-4d2d-adae-df85b78ff28d\" alt=\"\" class=\"slider-138 slide-672\" \/><\/div><\/div>\n        \n    <\/div>\n<\/div>\n<p>A moins de 30 km de Li\u00e8ge, Francorchamps, Maastricht et Aachen (Aix-La-Chapelle), vous tomberez sous le charme de cette authentique ferme de 1784, blottie au c\u0153ur des bocages du plateau de Herve.<\/p>\n<p>Josiane et Antoine, vous accueilleront dans ce gite tr\u00e8s confortable nich\u00e9 sur un immense terrain de 10.000 m\u00b2, compl\u00e8tement isol\u00e9 et cl\u00f4tur\u00e9. Vous serez impr\u00e9gn\u00e9 de l&rsquo;esprit bucolique du lieu.<\/p>\n<p>Laissez-vous aller \u00e0 la d\u00e9tente, en appr\u00e9ciant le chant des oiseaux dans ce havre de paix.<\/p>\n<p>Sillonnez \u00e0 pied ou \u00e0 v\u00e9lo cette jolie r\u00e9gion et partez \u00e0 la d\u00e9couverte, \u00e0 un jet de pierre, de l&rsquo;Abbaye du Val Dieu, d\u2019Aubel et d&rsquo;un des plus beaux villages de Wallonie, Clermont-sur-Berwinne.<\/p>\n<p>&nbsp;<\/p>\n<p style=\"text-align: center;\"> <iframe loading=\"lazy\" frameborder=\"0\" scrolling=\"no\" marginheight=\"0\" marginwidth=\"0\" width=\"788.54\" height=\"443\" type=\"text\/html\" src=\"https:\/\/www.youtube.com\/embed\/UkxkHOITvtw?autoplay=0&amp;fs=1&amp;iv_load_policy=3&amp;showinfo=0&amp;rel=0&amp;cc_load_policy=0&amp;start=0&amp;end=0&amp;origin=https:\/\/youtubeembedcode.com\"><\/p>\n<div><small><a href=\"https:\/\/youtubeembedcode.com\/de\/\">youtubeembedcode.com\/de\/<\/a><\/small><\/div>\n<div><small><a href=\"http:\/\/add-link-exchange.com\">get more info<\/a><\/small><\/div>\n<div><small><a href=\"https:\/\/youtubeembedcode.com\/en\">youtubeembedcode.com\/en\/<\/a><\/small><\/div>\n<div><small><a href=\"http:\/\/add-link-exchange.com\">Add-link-exchange<\/a><\/small><\/div>\n<p><\/iframe><\/p>\n<p>Notez que chaque chambre est \u00e9quip\u00e9e d&rsquo;une salle de bain et d&rsquo;un WC privatif.<\/p>\n<p>G\u00eete chien admis,&nbsp; un ensemble cl\u00f4tur\u00e9, petit \u00e9tang prot\u00e9g\u00e9.<\/p>\n<p style=\"text-align: center;\"><a class=\"maxbutton-1 maxbutton maxbutton-gite-complet-14-lits\" href=\"http:\/\/gitesgrosoneux.be\/?page_id=224\"><span class='mb-text'>Gros Oneux (14 lits)<\/span><\/a>&nbsp; &nbsp; &nbsp; &nbsp; &nbsp; <a class=\"maxbutton-8 maxbutton maxbutton-gite-principal-inferieur-10-lits\" href=\"http:\/\/gitesgrosoneux.be\/?page_id=207\"><span class='mb-text'>Gros Oneux inf\u00e9rieur (10 lits)<\/span><\/a>&nbsp; &nbsp; &nbsp; &nbsp; &nbsp; <a class=\"maxbutton-9 maxbutton maxbutton-gite-principal-superieur-4-lits\" href=\"http:\/\/gitesgrosoneux.be\/?page_id=212\"><span class='mb-text'>Gros Oneux sup\u00e9rieur (4 lits)<\/span><\/a><\/p>\n<p style=\"text-align: center;\"><a class=\"maxbutton-10 maxbutton maxbutton-gite-annexe-2-lits\" href=\"http:\/\/gitesgrosoneux.be\/?page_id=587\"><span class='mb-text'>Petit Oneux (2 lits)<\/span><\/a><\/p>\n","protected":false},"excerpt":{"rendered":"<p>A moins de 30 km de Li\u00e8ge, Francorchamps, Maastricht et Aachen (Aix-La-Chapelle), vous tomberez sous le charme de cette authentique ferme de 1784, blottie au c\u0153ur des bocages du plateau de Herve. Josiane et Antoine, vous accueilleront dans ce gite tr\u00e8s confortable nich\u00e9 sur un immense terrain de 10.000 m\u00b2, compl\u00e8tement isol\u00e9 et cl\u00f4tur\u00e9. Vous [&hellip;]<\/p>\n","protected":false},"author":2,"featured_media":0,"parent":0,"menu_order":0,"comment_status":"closed","ping_status":"open","template":"page-fullwidth.php","meta":[],"_links":{"self":[{"href":"https:\/\/gitesgrosoneux.be\/index.php?rest_route=\/wp\/v2\/pages\/34"}],"collection":[{"href":"https:\/\/gitesgrosoneux.be\/index.php?rest_route=\/wp\/v2\/pages"}],"about":[{"href":"https:\/\/gitesgrosoneux.be\/index.php?rest_route=\/wp\/v2\/types\/page"}],"author":[{"embeddable":true,"href":"https:\/\/gitesgrosoneux.be\/index.php?rest_route=\/wp\/v2\/users\/2"}],"replies":[{"embeddable":true,"href":"https:\/\/gitesgrosoneux.be\/index.php?rest_route=%2Fwp%2Fv2%2Fcomments&post=34"}],"version-history":[{"count":21,"href":"https:\/\/gitesgrosoneux.be\/index.php?rest_route=\/wp\/v2\/pages\/34\/revisions"}],"predecessor-version":[{"id":597,"href":"https:\/\/gitesgrosoneux.be\/index.php?rest_route=\/wp\/v2\/pages\/34\/revisions\/597"}],"wp:attachment":[{"href":"https:\/\/gitesgrosoneux.be\/index.php?rest_route=%2Fwp%2Fv2%2Fmedia&parent=34"}],"curies":[{"name":"wp","href":"https:\/\/api.w.org\/{rel}","templated":true}]}}