{"id":36,"date":"2018-01-12T18:12:52","date_gmt":"2018-01-12T17:12:52","guid":{"rendered":"http:\/\/gitesgrosoneux.be\/?page_id=36"},"modified":"2020-02-04T17:49:07","modified_gmt":"2020-02-04T16:49:07","slug":"contact","status":"publish","type":"page","link":"https:\/\/gitesgrosoneux.be\/?page_id=36","title":{"rendered":"Contact"},"content":{"rendered":"<p><img decoding=\"async\" loading=\"lazy\" class=\" wp-image-677 alignleft\" src=\"http:\/\/gitesgrosoneux.be\/wp-content\/uploads\/2020\/02\/IMG_6210-1-300x225.jpeg\" alt=\"\" width=\"351\" height=\"263\" srcset=\"https:\/\/gitesgrosoneux.be\/wp-content\/uploads\/2020\/02\/IMG_6210-1-300x225.jpeg 300w, https:\/\/gitesgrosoneux.be\/wp-content\/uploads\/2020\/02\/IMG_6210-1-1024x768.jpeg 1024w, https:\/\/gitesgrosoneux.be\/wp-content\/uploads\/2020\/02\/IMG_6210-1-768x576.jpeg 768w, https:\/\/gitesgrosoneux.be\/wp-content\/uploads\/2020\/02\/IMG_6210-1-640x480.jpeg 640w, https:\/\/gitesgrosoneux.be\/wp-content\/uploads\/2020\/02\/IMG_6210-1.jpeg 1280w\" sizes=\"(max-width: 351px) 100vw, 351px\" \/><\/p>\n<p>Le G\u00eete se situe \u00e0<\/p>\n<ul>\n<li>20 km de la Gare de Welkenraedt<\/li>\n<li>25 km de Li\u00e8ge<\/li>\n<li>30 km de Aix-la-Chapelle<\/li>\n<li>25 km de Maastricht<\/li>\n<\/ul>\n<div style=\"overflow: hidden; width: 1000px; height: 400px;\">\n<p><iframe loading=\"lazy\" src=\"https:\/\/maps.google.com\/maps?width=1200&amp;height=400&amp;hl=en&amp;q=402%20Grosoneux%2C%20Charneux+(Gros%20Oneux)&amp;ie=UTF8&amp;t=&amp;z=10&amp;iwloc=B&amp;output=embed\" width=\"1200\" height=\"400\" frameborder=\"0\" marginwidth=\"0\" marginheight=\"0\" scrolling=\"no\"><\/iframe><\/p>\n<div><small><a href=\"https:\/\/embedgooglemaps.com\/en\/\">https:\/\/embedgooglemaps.com\/en\/<\/a><\/small><\/div>\n<div><small><a href=\"http:\/\/www.stedentrippers.nl\/berlijn.html\">hier<\/a><\/small><\/div>\n<style>#gmap_canvas img{max-width:none!important;background:none!important}<\/style>\n<\/div>\n<div><\/div>\n<p><center><\/p>\n<p style=\"text-align: center;\">\n<div class=\"wpcf7 no-js\" id=\"wpcf7-f201-o1\" lang=\"fr-FR\" dir=\"ltr\">\n<div class=\"screen-reader-response\"><p role=\"status\" aria-live=\"polite\" aria-atomic=\"true\"><\/p> <ul><\/ul><\/div>\n<form action=\"\/index.php?rest_route=%2Fwp%2Fv2%2Fpages%2F36#wpcf7-f201-o1\" method=\"post\" class=\"wpcf7-form init\" aria-label=\"Formulaire de contact\" novalidate=\"novalidate\" data-status=\"init\">\n<div style=\"display: none;\">\n<input type=\"hidden\" name=\"_wpcf7\" value=\"201\" \/>\n<input type=\"hidden\" name=\"_wpcf7_version\" value=\"5.7.4\" \/>\n<input type=\"hidden\" name=\"_wpcf7_locale\" value=\"fr_FR\" \/>\n<input type=\"hidden\" name=\"_wpcf7_unit_tag\" value=\"wpcf7-f201-o1\" \/>\n<input type=\"hidden\" name=\"_wpcf7_container_post\" value=\"0\" \/>\n<input type=\"hidden\" name=\"_wpcf7_posted_data_hash\" value=\"\" \/>\n<\/div>\n<p><label> Votre nom (obligatoire)<br \/>\n<span class=\"wpcf7-form-control-wrap\" data-name=\"your-name\"><input size=\"40\" class=\"wpcf7-form-control wpcf7-text wpcf7-validates-as-required\" aria-required=\"true\" aria-invalid=\"false\" value=\"\" type=\"text\" name=\"your-name\" \/><\/span> <\/label>\n<\/p>\n<p><label> Votre adresse de messagerie (obligatoire)<br \/>\n<span class=\"wpcf7-form-control-wrap\" data-name=\"your-email\"><input size=\"40\" class=\"wpcf7-form-control wpcf7-text wpcf7-email wpcf7-validates-as-required wpcf7-validates-as-email\" aria-required=\"true\" aria-invalid=\"false\" value=\"\" type=\"email\" name=\"your-email\" \/><\/span> <\/label>\n<\/p>\n<p><label> Objet<br \/>\n<span class=\"wpcf7-form-control-wrap\" data-name=\"your-subject\"><input size=\"40\" class=\"wpcf7-form-control wpcf7-text\" aria-invalid=\"false\" value=\"\" type=\"text\" name=\"your-subject\" \/><\/span> <\/label>\n<\/p>\n<p><label> Votre message<br \/>\n<span class=\"wpcf7-form-control-wrap\" data-name=\"your-message\"><textarea cols=\"40\" rows=\"10\" class=\"wpcf7-form-control wpcf7-textarea\" aria-invalid=\"false\" name=\"your-message\"><\/textarea><\/span> <\/label>\n<\/p>\n<p><input class=\"wpcf7-form-control has-spinner wpcf7-submit\" type=\"submit\" value=\"Envoyer\" \/>\n<\/p><div class=\"wpcf7-response-output\" aria-hidden=\"true\"><\/div>\n<\/form>\n<\/div>\n<\/p>\n<p><\/center><\/p>\n","protected":false},"excerpt":{"rendered":"<p>Le G\u00eete se situe \u00e0 20 km de la Gare de Welkenraedt 25 km de Li\u00e8ge 30 km de Aix-la-Chapelle 25 km de Maastricht https:\/\/embedgooglemaps.com\/en\/ hier<\/p>\n","protected":false},"author":2,"featured_media":0,"parent":0,"menu_order":6,"comment_status":"closed","ping_status":"open","template":"page-fullwidth.php","meta":[],"_links":{"self":[{"href":"https:\/\/gitesgrosoneux.be\/index.php?rest_route=\/wp\/v2\/pages\/36"}],"collection":[{"href":"https:\/\/gitesgrosoneux.be\/index.php?rest_route=\/wp\/v2\/pages"}],"about":[{"href":"https:\/\/gitesgrosoneux.be\/index.php?rest_route=\/wp\/v2\/types\/page"}],"author":[{"embeddable":true,"href":"https:\/\/gitesgrosoneux.be\/index.php?rest_route=\/wp\/v2\/users\/2"}],"replies":[{"embeddable":true,"href":"https:\/\/gitesgrosoneux.be\/index.php?rest_route=%2Fwp%2Fv2%2Fcomments&post=36"}],"version-history":[{"count":24,"href":"https:\/\/gitesgrosoneux.be\/index.php?rest_route=\/wp\/v2\/pages\/36\/revisions"}],"predecessor-version":[{"id":681,"href":"https:\/\/gitesgrosoneux.be\/index.php?rest_route=\/wp\/v2\/pages\/36\/revisions\/681"}],"wp:attachment":[{"href":"https:\/\/gitesgrosoneux.be\/index.php?rest_route=%2Fwp%2Fv2%2Fmedia&parent=36"}],"curies":[{"name":"wp","href":"https:\/\/api.w.org\/{rel}","templated":true}]}}