{"id":587,"date":"2019-11-26T17:34:55","date_gmt":"2019-11-26T16:34:55","guid":{"rendered":"http:\/\/gitesgrosoneux.be\/?page_id=587"},"modified":"2022-08-23T14:14:56","modified_gmt":"2022-08-23T12:14:56","slug":"gite-annexe-2-lits","status":"publish","type":"page","link":"https:\/\/gitesgrosoneux.be\/?page_id=587","title":{"rendered":"Petit Oneux (2 lits + lit d\u2019appoint)"},"content":{"rendered":"<p style=\"text-align: center;\"><div id=\"metaslider-id-615\" style=\"width: 100%; margin: 0 auto;\" class=\"ml-slider-3-29-0 metaslider metaslider-nivo metaslider-615 ml-slider\">\n    <div id=\"metaslider_container_615\">\n        <div class='slider-wrapper theme-default'><div class='ribbon'><\/div><div id='metaslider_615' class='nivoSlider'><img src=\"https:\/\/gitesgrosoneux.be\/wp-content\/uploads\/2019\/12\/61ec16f3-2a17-4595-a6a2-a12e281d7eec-1024x682.jpg\" height=\"800\" width=\"1200\" title=\"61ec16f3-2a17-4595-a6a2-a12e281d7eec\" alt=\"\" class=\"slider-615 slide-626\" \/><img src=\"https:\/\/gitesgrosoneux.be\/wp-content\/uploads\/2019\/12\/b45154db-3bb3-4d20-83b0-8fcacd8ec008-1024x682.jpg\" height=\"800\" width=\"1200\" title=\"b45154db-3bb3-4d20-83b0-8fcacd8ec008\" alt=\"\" class=\"slider-615 slide-633\" \/><img src=\"https:\/\/gitesgrosoneux.be\/wp-content\/uploads\/2019\/12\/2b30da79-f2b2-4269-8d74-1a149f122fd4-1024x682.jpg\" height=\"800\" width=\"1200\" title=\"2b30da79-f2b2-4269-8d74-1a149f122fd4\" alt=\"\" class=\"slider-615 slide-628\" \/><img src=\"https:\/\/gitesgrosoneux.be\/wp-content\/uploads\/2019\/12\/ca75679f-3a08-4714-b3dd-998d022ecf31-2-1024x682.jpg\" height=\"800\" width=\"1200\" title=\"ca75679f-3a08-4714-b3dd-998d022ecf31 2\" alt=\"\" class=\"slider-615 slide-629\" \/><img src=\"https:\/\/gitesgrosoneux.be\/wp-content\/uploads\/2019\/12\/f98a3fc0-d122-48b8-955f-a1ab7f18d0c0-1024x682.jpg\" height=\"800\" width=\"1200\" title=\"f98a3fc0-d122-48b8-955f-a1ab7f18d0c0\" alt=\"\" class=\"slider-615 slide-625\" \/><img src=\"https:\/\/gitesgrosoneux.be\/wp-content\/uploads\/2019\/12\/05d31990-d8ae-4c97-9554-fe4dc0ecc9de-1024x682.jpg\" height=\"800\" width=\"1200\" title=\"05d31990-d8ae-4c97-9554-fe4dc0ecc9de\" alt=\"\" class=\"slider-615 slide-627\" \/><img src=\"https:\/\/gitesgrosoneux.be\/wp-content\/uploads\/2019\/12\/95d7fb60-18aa-43c6-b714-43afb697db1a-1024x682.jpg\" height=\"800\" width=\"1200\" title=\"95d7fb60-18aa-43c6-b714-43afb697db1a\" alt=\"\" class=\"slider-615 slide-631\" \/><img src=\"https:\/\/gitesgrosoneux.be\/wp-content\/uploads\/2019\/12\/e35b07d6-4d8f-4d2d-adae-df85b78ff28d-1024x682.jpg\" height=\"800\" width=\"1200\" title=\"e35b07d6-4d8f-4d2d-adae-df85b78ff28d\" alt=\"\" class=\"slider-615 slide-632\" \/><\/div><\/div>\n        \n    <\/div>\n<\/div><\/p>\n<ul>\n<li><strong>Capacit\u00e9<\/strong> : 2 lits + 1 lit b\u00e9b\u00e9 \/\u00a0lit d\u2019appoint.<\/li>\n<li><label>Rez-De-Chauss\u00e9e<\/label>\n<ul>\n<li>Salle-\u00e0-manger\/salon\/cuisine\n<ul>\n<li>cuisine (cuisini\u00e8re 4 plaques \u00e9lectriques, four, frigo, cong\u00e9lateur, Micro onde), coin \u00e0 manger, salon TV.<\/li>\n<\/ul>\n<\/li>\n<li>Salle de douche\n<ul>\n<li>douche, lavabo, wc, buanderie.<\/li>\n<\/ul>\n<\/li>\n<\/ul>\n<\/li>\n<li><label>Etage<\/label>\n<ul>\n<li><label>Chambre<\/label>\n<ul>\n<li>Vaste chambre avec\u00a0 2 x 1p, air conditionn\u00e9.<\/li>\n<\/ul>\n<\/li>\n<\/ul>\n<\/li>\n<li><label>Ext\u00e9rieur<\/label>\n<ul>\n<li style=\"list-style-type: none;\">\n<ul>\n<li>Pelouses, terrasses, Jeux ext\u00e9rieurs : tyrolienne (60m), terrain de p\u00e9tanques, panier de basket, goal de foot, balan\u00e7oires, trampoline.<\/li>\n<\/ul>\n<\/li>\n<\/ul>\n<\/li>\n<\/ul>\n<p style=\"text-align: center;\"><a class=\"maxbutton-11 maxbutton maxbutton-tarifs-annexe\" href=\"http:\/\/gitesgrosoneux.be\/?page_id=589\"><span class='mb-text'>Tarifs<\/span><\/a><\/p>\n","protected":false},"excerpt":{"rendered":"<p>Capacit\u00e9 : 2 lits + 1 lit b\u00e9b\u00e9 \/\u00a0lit d\u2019appoint. Rez-De-Chauss\u00e9e Salle-\u00e0-manger\/salon\/cuisine cuisine (cuisini\u00e8re 4 plaques \u00e9lectriques, four, frigo, cong\u00e9lateur, Micro onde), coin \u00e0 manger, salon TV. Salle de douche douche, lavabo, wc, buanderie. Etage Chambre Vaste chambre avec\u00a0 2 x 1p, air conditionn\u00e9. Ext\u00e9rieur Pelouses, terrasses, Jeux ext\u00e9rieurs : tyrolienne (60m), terrain de p\u00e9tanques, [&hellip;]<\/p>\n","protected":false},"author":1,"featured_media":0,"parent":38,"menu_order":0,"comment_status":"closed","ping_status":"closed","template":"","meta":[],"_links":{"self":[{"href":"https:\/\/gitesgrosoneux.be\/index.php?rest_route=\/wp\/v2\/pages\/587"}],"collection":[{"href":"https:\/\/gitesgrosoneux.be\/index.php?rest_route=\/wp\/v2\/pages"}],"about":[{"href":"https:\/\/gitesgrosoneux.be\/index.php?rest_route=\/wp\/v2\/types\/page"}],"author":[{"embeddable":true,"href":"https:\/\/gitesgrosoneux.be\/index.php?rest_route=\/wp\/v2\/users\/1"}],"replies":[{"embeddable":true,"href":"https:\/\/gitesgrosoneux.be\/index.php?rest_route=%2Fwp%2Fv2%2Fcomments&post=587"}],"version-history":[{"count":12,"href":"https:\/\/gitesgrosoneux.be\/index.php?rest_route=\/wp\/v2\/pages\/587\/revisions"}],"predecessor-version":[{"id":725,"href":"https:\/\/gitesgrosoneux.be\/index.php?rest_route=\/wp\/v2\/pages\/587\/revisions\/725"}],"up":[{"embeddable":true,"href":"https:\/\/gitesgrosoneux.be\/index.php?rest_route=\/wp\/v2\/pages\/38"}],"wp:attachment":[{"href":"https:\/\/gitesgrosoneux.be\/index.php?rest_route=%2Fwp%2Fv2%2Fmedia&parent=587"}],"curies":[{"name":"wp","href":"https:\/\/api.w.org\/{rel}","templated":true}]}}